{"id":6214,"date":"2020-12-13T15:52:04","date_gmt":"2020-12-13T12:52:04","guid":{"rendered":"https:\/\/www.nihaletik.com\/yemek\/?page_id=6214"},"modified":"2020-12-13T16:33:56","modified_gmt":"2020-12-13T13:33:56","slug":"iletisim","status":"publish","type":"page","link":"https:\/\/www.nihaletik.com\/yemek\/iletisim\/","title":{"rendered":"\u0130leti\u015fim"},"content":{"rendered":"<p><!-- Load Roboto font -->\n        <link href='http:\/\/fonts.googleapis.com\/css?family=Roboto:400,300,700&amp;subset=latin,latin-ext' rel='stylesheet' type='text\/css'>\n        <!-- Load css styles -->\n        <link rel=\"stylesheet\" type=\"text\/css\" href=\"\/yemek\/wp-content\/themes\/blossom-recipe\/css\/mail\/bootstrap.css\" \/>\n        <link rel=\"stylesheet\" type=\"text\/css\" href=\"\/yemek\/wp-content\/themes\/blossom-recipe\/css\/mail\/bootstrap-responsive.css\" \/>\n        <link rel=\"stylesheet\" type=\"text\/css\" href=\"\/yemek\/wp-content\/themes\/blossom-recipe\/css\/mail\/style.css\" \/>\n        <link rel=\"stylesheet\" type=\"text\/css\" href=\"\/yemek\/wp-content\/themes\/blossom-recipe\/css\/mail\/pluton.css\" \/>\n        <!--[if IE 7]>\n            <link rel=\"stylesheet\" type=\"text\/css\" href=\"\/yemek\/wp-content\/themes\/blossom-recipe\/css\/mail\/pluton-ie7.css\" \/>\n        <![endif]-->\n        <link rel=\"stylesheet\" type=\"text\/css\" href=\"\/yemek\/wp-content\/themes\/blossom-recipe\/css\/mail\/jquery.cslider.css\" \/>\n        <link rel=\"stylesheet\" type=\"text\/css\" href=\"\/yemek\/wp-content\/themes\/blossom-recipe\/css\/mail\/jquery.bxslider.css\" \/>\n        <link rel=\"stylesheet\" type=\"text\/css\" href=\"\/yemek\/wp-content\/themes\/blossom-recipe\/css\/mail\/animate.css\" \/>\n<p>       <!-- Contact section start --><\/p>\n<div id=\"contact\" class=\"contact\">\n<div class=\"section secondary-section\">\n                <!--\n\n<div class=\"container\">\n                    \n\n<div class=\"title\">\n                        \n\n<h1><\/h1>\n\n\n                        \n\n<p>A\u015fa\u011f\u0131daki formu doldurarak bizimle ileti\u015fime ge\u00e7ebilirsiniz.<\/p>\n\n\n                    <\/div>\n\n\n                <\/div>\n\n--><\/p>\n<div class=\"map-wrapper\">\n                    <!--\n\n<div class=\"map-canvas\" id=\"map-canvas\">Loading map...<\/div>\n\n--><\/p>\n<div class=\"container\">\n<div class=\"row-fluid\">\n<div class=\"span5 offset1 contact-form centered\">\n<h3>Bize ula\u015f\u0131n<\/h3>\n<div id=\"successSend\" class=\"alert alert-success invisible\">\n                                    <strong>Mesaj\u0131n\u0131z g\u00f6nderildi!<\/strong><\/div>\n<div id=\"errorSend\" class=\"alert alert-error invisible\">Bir hata oldu.<\/div>\n<form id=\"contact-form\">\n<div class=\"control-group\">\n<div class=\"controls\">\n                                            <input class=\"span12\" type=\"text\" id=\"name\" name=\"name\" placeholder=\"* Ad\u0131n\u0131z ve Soyad\u0131n\u0131z...\" \/><\/p>\n<div class=\"error left-align\" id=\"err-name\">L\u00fctfen ad\u0131n\u0131z\u0131 ve soyad\u0131n\u0131z\u0131 giriniz.<\/div>\n<\/p><\/div>\n<\/p><\/div>\n<div class=\"control-group\">\n<div class=\"controls\">\n                                            <input class=\"span12\" type=\"email\" name=\"email\" id=\"email\" placeholder=\"* Eposta adresiniz...\" \/><\/p>\n<div class=\"error left-align\" id=\"err-email\">L\u00fctfen eposta adresinizi giriniz.<\/div>\n<\/p><\/div>\n<\/p><\/div>\n<div class=\"control-group\">\n<div class=\"controls\">\n                                            <textarea class=\"span12\" name=\"comment\" id=\"comment\" placeholder=\"* Mesaj\u0131n\u0131z...\"><\/textarea><\/p>\n<div class=\"error left-align\" id=\"err-comment\">L\u00fctfen mesaj\u0131n\u0131z\u0131 giriniz.<\/div>\n<\/p><\/div>\n<\/p><\/div>\n<div class=\"control-group\">\n<div class=\"controls\">\n                                            <button id=\"send-mail\" class=\"message-btn\">Mesaj\u0131 g\u00f6nder<\/button>\n                                        <\/div>\n<\/p><\/div>\n<\/p><\/form>\n<\/p><\/div>\n<\/p><\/div>\n<\/p><\/div>\n<\/p><\/div>\n<\/p><\/div>\n<\/p><\/div>\n<p>        <!-- Contact section edn --><\/p>\n<p>        <!-- Include javascript --><br \/>\n        <script src=\"js\/jquery.js\"><\/script><br \/>\n        <script type=\"text\/javascript\" src=\"\/yemek\/wp-content\/themes\/blossom-recipe\/js\/mail\/jquery.mixitup.js\"><\/script><br \/>\n        <script type=\"text\/javascript\" src=\"\/yemek\/wp-content\/themes\/blossom-recipe\/js\/mail\/bootstrap.js\"><\/script><br \/>\n        <script type=\"text\/javascript\" src=\"\/yemek\/wp-content\/themes\/blossom-recipe\/js\/mail\/modernizr.custom.js\"><\/script><br \/>\n        <script type=\"text\/javascript\" src=\"\/yemek\/wp-content\/themes\/blossom-recipe\/js\/mail\/jquery.bxslider.js\"><\/script><br \/>\n        <script type=\"text\/javascript\" src=\"\/yemek\/wp-content\/themes\/blossom-recipe\/js\/mail\/jquery.cslider.js\"><\/script><br \/>\n        <script type=\"text\/javascript\" src=\"\/yemek\/wp-content\/themes\/blossom-recipe\/js\/mail\/jquery.placeholder.js\"><\/script><br \/>\n        <script type=\"text\/javascript\" src=\"\/yemek\/wp-content\/themes\/blossom-recipe\/js\/mail\/jquery.inview.js\"><\/script><br \/>\n        <!-- Load google maps api and call initializeMap function defined in app.js --><br \/>\n        <script type=\"text\/javascript\" src=\"https:\/\/maps.googleapis.com\/maps\/api\/js?sensor=false&amp;callback=initializeMap\"><\/script><br \/>\n        <!-- css3-mediaqueries.js for IE8 or older --><br \/>\n        <!--[if lt IE 9]>\n            <script src=\"\/yemek\/wp-content\/themes\/blossom-recipe\/js\/mail\/respond.min.js\"><\/script>\n        <![endif]--><br \/>\n        <script type=\"text\/javascript\" src=\"\/yemek\/wp-content\/themes\/blossom-recipe\/js\/mail\/app.js\"><\/script><\/p>\n","protected":false},"excerpt":{"rendered":"<p>Bize ula\u015f\u0131n Mesaj\u0131n\u0131z g\u00f6nderildi! Bir hata oldu. L\u00fctfen ad\u0131n\u0131z\u0131 ve soyad\u0131n\u0131z\u0131 giriniz. L\u00fctfen eposta adresinizi giriniz. L\u00fctfen mesaj\u0131n\u0131z\u0131 giriniz. Mesaj\u0131 g\u00f6nder<\/p>\n","protected":false},"author":1,"featured_media":0,"parent":0,"menu_order":0,"comment_status":"closed","ping_status":"closed","template":"","meta":[],"amp_validity":null,"amp_enabled":true,"_links":{"self":[{"href":"https:\/\/www.nihaletik.com\/yemek\/wp-json\/wp\/v2\/pages\/6214"}],"collection":[{"href":"https:\/\/www.nihaletik.com\/yemek\/wp-json\/wp\/v2\/pages"}],"about":[{"href":"https:\/\/www.nihaletik.com\/yemek\/wp-json\/wp\/v2\/types\/page"}],"author":[{"embeddable":true,"href":"https:\/\/www.nihaletik.com\/yemek\/wp-json\/wp\/v2\/users\/1"}],"replies":[{"embeddable":true,"href":"https:\/\/www.nihaletik.com\/yemek\/wp-json\/wp\/v2\/comments?post=6214"}],"version-history":[{"count":39,"href":"https:\/\/www.nihaletik.com\/yemek\/wp-json\/wp\/v2\/pages\/6214\/revisions"}],"predecessor-version":[{"id":6350,"href":"https:\/\/www.nihaletik.com\/yemek\/wp-json\/wp\/v2\/pages\/6214\/revisions\/6350"}],"wp:attachment":[{"href":"https:\/\/www.nihaletik.com\/yemek\/wp-json\/wp\/v2\/media?parent=6214"}],"curies":[{"name":"wp","href":"https:\/\/api.w.org\/{rel}","templated":true}]}}